{"id":28,"date":"2025-05-17T15:00:29","date_gmt":"2025-05-17T15:00:29","guid":{"rendered":"https:\/\/www.ungl.or.cr\/?page_id=28"},"modified":"2025-10-07T14:08:13","modified_gmt":"2025-10-07T14:08:13","slug":"historia","status":"publish","type":"page","link":"https:\/\/www.ungl.or.cr\/?page_id=28","title":{"rendered":"Historia"},"content":{"rendered":"<p><div class=\"fusion-fullwidth fullwidth-box fusion-builder-row-1 fusion-flex-container has-pattern-background has-mask-background nonhundred-percent-fullwidth non-hundred-percent-height-scrolling\" style=\"--awb-border-radius-top-left:0px;--awb-border-radius-top-right:0px;--awb-border-radius-bottom-right:0px;--awb-border-radius-bottom-left:0px;--awb-flex-wrap:wrap;\" ><div class=\"fusion-builder-row fusion-row fusion-flex-align-items-flex-start fusion-flex-content-wrap\" style=\"max-width:1248px;margin-left: calc(-4% \/ 2 );margin-right: calc(-4% \/ 2 );\"><div class=\"fusion-layout-column fusion_builder_column fusion-builder-column-0 fusion_builder_column_1_1 1_1 fusion-flex-column\" style=\"--awb-bg-size:cover;--awb-width-large:100%;--awb-margin-top-large:0px;--awb-spacing-right-large:1.92%;--awb-margin-bottom-large:20px;--awb-spacing-left-large:1.92%;--awb-width-medium:100%;--awb-order-medium:0;--awb-spacing-right-medium:1.92%;--awb-spacing-left-medium:1.92%;--awb-width-small:100%;--awb-order-small:0;--awb-spacing-right-small:1.92%;--awb-spacing-left-small:1.92%;\"><div class=\"fusion-column-wrapper fusion-column-has-shadow fusion-flex-justify-content-flex-start fusion-content-layout-column\"><div class=\"fusion-title title fusion-title-1 fusion-sep-none fusion-title-center fusion-title-text fusion-title-size-three fusion-animated\" style=\"--awb-text-color:var(--awb-color7);\" data-animationType=\"fadeInDown\" data-animationDuration=\"0.3\" data-animationOffset=\"top-into-view\"><h3 class=\"fusion-title-heading title-heading-center\" style=\"margin:0;\"><p style=\"text-align: center;\">La Uni\u00f3n Nacional de Gobiernos Locales surge ante la necesidad del R\u00e9gimen Municipal Costarricense de contar con una organizaci\u00f3n superior que representara y velara por sus intereses, capaz de canalizar los diferentes esfuerzos y luchas por el mejoramiento y la modernizaci\u00f3n municipal.<\/p><\/h3><\/div><div class=\"fusion-counters-box counters-box row fusion-clearfix fusion-columns-3\" style=\"--awb-body-color:var(--awb-color1);--awb-border-color:var(--awb-color3);--awb-title-size:60;--awb-icon-size:60;--awb-border-color:var(--awb-color3);\"><div class=\"fusion-counter-box fusion-column col-counter-box counter-box-wrapper col-lg-4 col-md-4 col-sm-4\" data-animationOffset=\"top-into-view\"><div class=\"counter-box-container\"><div class=\"content-box-percentage content-box-counter\"><span class=\"display-counter\" data-value=\"1940\" data-direction=\"up\" data-decimals=\"0\">0<\/span><\/div><div class=\"counter-box-content\">En 1940 cuando se celebr\u00f3 el I Congreso Nacional de Municipalidades y se cre\u00f3 la Asociaci\u00f3n Municipal de Costa Rica, se establecieron los primeros pasos para crear esta organizaci\u00f3n<\/div><\/div><\/div><div class=\"fusion-counter-box fusion-column col-counter-box counter-box-wrapper col-lg-4 col-md-4 col-sm-4\" data-animationOffset=\"top-into-view\"><div class=\"counter-box-container\"><div class=\"content-box-percentage content-box-counter\"><span class=\"display-counter\" data-value=\"1957\" data-direction=\"up\" data-decimals=\"0\">0<\/span><\/div><div class=\"counter-box-content\">Con la celebraci\u00f3n del II Congreso Nacional de Municipalidades en 1957 se aprobaron importantes lineamientos para la promulgaci\u00f3n del C\u00f3digo Municipal de 1970. Posterior a este Congreso se crearon las ligas de municipalidades regionales y provinciales.<\/div><\/div><\/div><div class=\"fusion-counter-box fusion-column col-counter-box counter-box-wrapper col-lg-4 col-md-4 col-sm-4\" data-animationOffset=\"top-into-view\"><div class=\"counter-box-container\"><div class=\"content-box-percentage content-box-counter\"><span class=\"display-counter\" data-value=\"1976\" data-direction=\"up\" data-decimals=\"0\">0<\/span><\/div><div class=\"counter-box-content\">En el IV Congreso Nacional de Municipalidades, celebrado en agosto de 1976, se aprueban importantes ponencias, donde se destaca la propuesta para conformar una instituci\u00f3n que aglutine a los municipios del pa\u00eds.<\/div><\/div><\/div><div class=\"fusion-counter-box fusion-column col-counter-box counter-box-wrapper col-lg-4 col-md-4 col-sm-4\" data-animationOffset=\"top-into-view\"><div class=\"counter-box-container\"><div class=\"content-box-percentage content-box-counter\"><span class=\"display-counter\" data-value=\"1977\" data-direction=\"up\" data-decimals=\"0\">0<\/span><\/div><div class=\"counter-box-content\">El 28 de agosto de 1977 se celebr\u00f3 la Asamblea Constitutiva que dio origen a la Uni\u00f3n Nacional de Gobiernos Locales, en donde se aprobaron los Estatutos que rigen a la UNGL, as\u00ed como se integr\u00f3 el primer Consejo Directivo.<\/div><\/div><\/div><div class=\"fusion-counter-box fusion-column col-counter-box counter-box-wrapper col-lg-4 col-md-4 col-sm-4\" data-animationOffset=\"top-into-view\"><div class=\"counter-box-container\"><div class=\"content-box-percentage content-box-counter\"><span class=\"display-counter\" data-value=\"1972\" data-direction=\"up\" data-decimals=\"0\">0<\/span><\/div><div class=\"counter-box-content\">La Uni\u00f3n Nacional de Gobiernos Locales se cre\u00f3 como una entidad de derecho p\u00fablico, representativa de car\u00e1cter nacional, con personer\u00eda jur\u00eddica otorgada por la Ley N\u201d 5119 del 20 de noviembre de 1972, con plena capacidad para ejercer derechos y contraer obligaciones de acuerdo con la legislaci\u00f3n vigente; con patrimonio propio y libre administraci\u00f3n de sus bienes e integrada por las Municipalidades y Federaciones de Municipalidades de Costa Rica.<\/div><\/div><\/div><div class=\"fusion-counter-box fusion-column col-counter-box counter-box-wrapper col-lg-4 col-md-4 col-sm-4\" data-animationOffset=\"top-into-view\"><div class=\"counter-box-container\"><div class=\"content-box-percentage content-box-counter\"><span class=\"display-counter\" data-value=\"1977\" data-direction=\"up\" data-decimals=\"0\">0<\/span><\/div><div class=\"counter-box-content\">A trav\u00e9s de su historia, la UNGL como representante del R\u00e9gimen Municipal Costarricense ha crecido siempre bajo los lineamientos dados por las autoridades municipales representandas en las Juntas Directivas y los Directores Ejecutivos que han guiado a la instituci\u00f3n desde 1977.<\/div><\/div><\/div><\/div><div class=\"fusion-title title fusion-title-2 fusion-sep-none fusion-title-text fusion-title-size-four fusion-animated\" style=\"--awb-text-color:var(--awb-color6);\" data-animationType=\"fadeInUp\" data-animationDuration=\"0.3\" data-animationOffset=\"top-into-view\"><h4 class=\"fusion-title-heading title-heading-left\" style=\"margin:0;\">Actualmente, la UNGL trabaja por la construcci\u00f3n colectiva de un pensamiento municipal a partir de la sensibilizaci\u00f3n de todos los actores sociales y pol\u00edticos en torno al tema de lo local.<\/h4><\/div><\/div><\/div><\/div><\/div><div class=\"fusion-fullwidth fullwidth-box fusion-builder-row-2 fusion-flex-container has-pattern-background has-mask-background nonhundred-percent-fullwidth non-hundred-percent-height-scrolling\" style=\"--awb-background-blend-mode:multiply;--awb-border-radius-top-left:0px;--awb-border-radius-top-right:0px;--awb-border-radius-bottom-right:0px;--awb-border-radius-bottom-left:0px;--awb-padding-top:40px;--awb-padding-bottom:40px;--awb-background-color:var(--awb-color6);--awb-flex-wrap:wrap;\" ><div class=\"awb-background-slider\" data-type=\"container\" data-loop=\"yes\" data-animation=\"slide\" data-slideshow-speed=\"3000\" data-animation-speed=\"800\" data-direction=\"left\" style=\"--awb-image-position:50% 50%;mix-blend-mode:multiply;\"><div class=\"swiper-wrapper\"><div class=\"swiper-slide\"><img decoding=\"async\" width=\"1480\" height=\"986\" src=\"\/wp-content\/uploads\/2025\/08\/bg1.jpg\" class=\"awb-background-slider__image\" alt=\"\" srcset=\"\/wp-content\/uploads\/2025\/08\/bg1-200x133.jpg 200w, \/wp-content\/uploads\/2025\/08\/bg1-300x200.jpg 300w, \/wp-content\/uploads\/2025\/08\/bg1-400x266.jpg 400w, \/wp-content\/uploads\/2025\/08\/bg1-600x400.jpg 600w, \/wp-content\/uploads\/2025\/08\/bg1-768x512.jpg 768w, \/wp-content\/uploads\/2025\/08\/bg1-800x533.jpg 800w, \/wp-content\/uploads\/2025\/08\/bg1-1024x682.jpg 1024w, \/wp-content\/uploads\/2025\/08\/bg1-1200x799.jpg 1200w, \/wp-content\/uploads\/2025\/08\/bg1.jpg 1480w\" sizes=\"(max-width: 1480px) 100vw, 1480px\" \/><\/div><div class=\"swiper-slide\"><img decoding=\"async\" width=\"1200\" height=\"824\" src=\"\/wp-content\/uploads\/2025\/08\/bgungl.jpg\" class=\"awb-background-slider__image\" alt=\"\" srcset=\"\/wp-content\/uploads\/2025\/08\/bgungl-200x137.jpg 200w, \/wp-content\/uploads\/2025\/08\/bgungl-300x206.jpg 300w, \/wp-content\/uploads\/2025\/08\/bgungl-400x275.jpg 400w, \/wp-content\/uploads\/2025\/08\/bgungl-600x412.jpg 600w, \/wp-content\/uploads\/2025\/08\/bgungl-768x527.jpg 768w, \/wp-content\/uploads\/2025\/08\/bgungl-800x549.jpg 800w, \/wp-content\/uploads\/2025\/08\/bgungl-1024x703.jpg 1024w, \/wp-content\/uploads\/2025\/08\/bgungl.jpg 1200w\" sizes=\"(max-width: 1200px) 100vw, 1200px\" \/><\/div><\/div><\/div><div class=\"fusion-builder-row fusion-row fusion-flex-align-items-center fusion-flex-justify-content-center fusion-flex-content-wrap\" style=\"max-width:1248px;margin-left: calc(-4% \/ 2 );margin-right: calc(-4% \/ 2 );\"><div class=\"fusion-layout-column fusion_builder_column fusion-builder-column-1 fusion_builder_column_1_3 1_3 fusion-flex-column\" style=\"--awb-bg-size:cover;--awb-width-large:33.333333333333%;--awb-margin-top-large:0px;--awb-spacing-right-large:5.76%;--awb-margin-bottom-large:20px;--awb-spacing-left-large:5.76%;--awb-width-medium:33.333333333333%;--awb-order-medium:0;--awb-spacing-right-medium:5.76%;--awb-spacing-left-medium:5.76%;--awb-width-small:100%;--awb-order-small:0;--awb-spacing-right-small:1.92%;--awb-spacing-left-small:1.92%;\" data-scroll-devices=\"small-visibility,medium-visibility,large-visibility\"><div class=\"fusion-column-wrapper fusion-column-has-shadow fusion-flex-justify-content-flex-start fusion-content-layout-column\"><div class=\"fusion-title title fusion-title-3 fusion-sep-none fusion-title-text fusion-title-size-three\" style=\"--awb-text-color:var(--awb-color8);\"><h3 class=\"fusion-title-heading title-heading-left\" style=\"margin:0;\">Cont\u00e1ctenos<\/h3><\/div><\/div><\/div><div class=\"fusion-layout-column fusion_builder_column fusion-builder-column-2 fusion_builder_column_1_3 1_3 fusion-flex-column\" style=\"--awb-bg-size:cover;--awb-width-large:33.333333333333%;--awb-margin-top-large:0px;--awb-spacing-right-large:5.76%;--awb-margin-bottom-large:20px;--awb-spacing-left-large:5.76%;--awb-width-medium:33.333333333333%;--awb-order-medium:0;--awb-spacing-right-medium:5.76%;--awb-spacing-left-medium:5.76%;--awb-width-small:100%;--awb-order-small:0;--awb-spacing-right-small:1.92%;--awb-spacing-left-small:1.92%;\" data-scroll-devices=\"small-visibility,medium-visibility,large-visibility\"><div class=\"fusion-column-wrapper fusion-column-has-shadow fusion-flex-justify-content-flex-start fusion-content-layout-column\"><div class=\"fusion-text fusion-text-1\" style=\"--awb-text-color:var(--awb-color8);\"><p>CENTRAL TELEF\u00d3NICA:<br \/>\n2290-3806<br \/>\nCORREO INSTITUCIONAL:<br \/>\ninfo@ungl.or.cr<\/p>\n<\/div><\/div><\/div><div class=\"fusion-layout-column fusion_builder_column fusion-builder-column-3 fusion_builder_column_1_3 1_3 fusion-flex-column fusion-flex-align-self-center\" style=\"--awb-bg-size:cover;--awb-width-large:33.333333333333%;--awb-margin-top-large:0px;--awb-spacing-right-large:5.76%;--awb-margin-bottom-large:20px;--awb-spacing-left-large:5.76%;--awb-width-medium:33.333333333333%;--awb-order-medium:0;--awb-spacing-right-medium:5.76%;--awb-spacing-left-medium:5.76%;--awb-width-small:100%;--awb-order-small:0;--awb-spacing-right-small:1.92%;--awb-spacing-left-small:1.92%;\" data-scroll-devices=\"small-visibility,medium-visibility,large-visibility\"><div class=\"fusion-column-wrapper fusion-column-has-shadow fusion-flex-justify-content-center fusion-content-layout-column\"><div ><a class=\"fusion-button button-flat button-large button-default fusion-button-default button-1 fusion-button-default-span fusion-button-default-type fusion-animated\" data-animationType=\"zoomIn\" data-animationDuration=\"0.3\" data-animationOffset=\"top-into-view\" target=\"_self\" href=\"https:\/\/www.ungl.or.cr\/?page_id=34\"><span class=\"fusion-button-text awb-button__text awb-button__text--default\">Cont\u00e1ctenos<\/span><\/a><\/div><\/div><\/div><\/div><\/div>\n<\/p>\n","protected":false},"excerpt":{"rendered":"","protected":false},"author":1,"featured_media":0,"parent":0,"menu_order":0,"comment_status":"closed","ping_status":"closed","template":"100-width.php","meta":{"footnotes":""},"class_list":["post-28","page","type-page","status-publish","hentry"],"_links":{"self":[{"href":"https:\/\/www.ungl.or.cr\/index.php?rest_route=\/wp\/v2\/pages\/28","targetHints":{"allow":["GET"]}}],"collection":[{"href":"https:\/\/www.ungl.or.cr\/index.php?rest_route=\/wp\/v2\/pages"}],"about":[{"href":"https:\/\/www.ungl.or.cr\/index.php?rest_route=\/wp\/v2\/types\/page"}],"author":[{"embeddable":true,"href":"https:\/\/www.ungl.or.cr\/index.php?rest_route=\/wp\/v2\/users\/1"}],"replies":[{"embeddable":true,"href":"https:\/\/www.ungl.or.cr\/index.php?rest_route=%2Fwp%2Fv2%2Fcomments&post=28"}],"version-history":[{"count":0,"href":"https:\/\/www.ungl.or.cr\/index.php?rest_route=\/wp\/v2\/pages\/28\/revisions"}],"wp:attachment":[{"href":"https:\/\/www.ungl.or.cr\/index.php?rest_route=%2Fwp%2Fv2%2Fmedia&parent=28"}],"curies":[{"name":"wp","href":"https:\/\/api.w.org\/{rel}","templated":true}]}}