{"id":24,"date":"2025-05-17T14:42:02","date_gmt":"2025-05-17T14:42:02","guid":{"rendered":"https:\/\/www.ungl.or.cr\/?page_id=24"},"modified":"2025-10-07T14:07:37","modified_gmt":"2025-10-07T14:07:37","slug":"mision-vision","status":"publish","type":"page","link":"https:\/\/www.ungl.or.cr\/?page_id=24","title":{"rendered":"Misi\u00f3n &#038; Visi\u00f3n"},"content":{"rendered":"<p><div class=\"fusion-fullwidth fullwidth-box fusion-builder-row-1 fusion-flex-container has-pattern-background has-mask-background nonhundred-percent-fullwidth non-hundred-percent-height-scrolling\" style=\"--awb-border-radius-top-left:0px;--awb-border-radius-top-right:0px;--awb-border-radius-bottom-right:0px;--awb-border-radius-bottom-left:0px;--awb-flex-wrap:wrap;\" ><div class=\"fusion-builder-row fusion-row fusion-flex-align-items-flex-start fusion-flex-content-wrap\" style=\"max-width:1248px;margin-left: calc(-4% \/ 2 );margin-right: calc(-4% \/ 2 );\"><div class=\"fusion-layout-column fusion_builder_column fusion-builder-column-0 fusion_builder_column_1_2 1_2 fusion-flex-column\" style=\"--awb-bg-size:cover;--awb-width-large:50%;--awb-margin-top-large:0px;--awb-spacing-right-large:3.84%;--awb-margin-bottom-large:20px;--awb-spacing-left-large:3.84%;--awb-width-medium:50%;--awb-order-medium:0;--awb-spacing-right-medium:3.84%;--awb-spacing-left-medium:3.84%;--awb-width-small:100%;--awb-order-small:0;--awb-spacing-right-small:1.92%;--awb-spacing-left-small:1.92%;\"><div class=\"fusion-column-wrapper fusion-column-has-shadow fusion-flex-justify-content-flex-start fusion-content-layout-column\"><div class=\"fusion-title title fusion-title-1 fusion-sep-none fusion-title-text fusion-title-size-three\" style=\"--awb-text-color:var(--awb-color5);\"><h3 class=\"fusion-title-heading title-heading-left\" style=\"margin:0;\">MISI\u00d3N 2022-2026<\/h3><\/div><div class=\"fusion-text fusion-text-1\"><p>Fortalecer a los Gobiernos Locales generando cultura municipal basada en una mejor gesti\u00f3n, con buenas pr\u00e1cticas nacionales e internacionales, utilizando pol\u00edticas y normas que consoliden su autonom\u00eda, competencias y recursos, bajo enfoques de equidad, transparencia, eficiencia e inclusi\u00f3n.<\/p>\n<p>Promover el talento humano calificado y comprometido, en la b\u00fasqueda de la descentralizaci\u00f3n pol\u00edtica y administrativa del Estado costarricense.<\/p>\n<\/div><\/div><\/div><div class=\"fusion-layout-column fusion_builder_column fusion-builder-column-1 fusion_builder_column_1_2 1_2 fusion-flex-column\" style=\"--awb-bg-size:cover;--awb-width-large:50%;--awb-margin-top-large:0px;--awb-spacing-right-large:3.84%;--awb-margin-bottom-large:20px;--awb-spacing-left-large:3.84%;--awb-width-medium:50%;--awb-order-medium:0;--awb-spacing-right-medium:3.84%;--awb-spacing-left-medium:3.84%;--awb-width-small:100%;--awb-order-small:0;--awb-spacing-right-small:1.92%;--awb-spacing-left-small:1.92%;\"><div class=\"fusion-column-wrapper fusion-column-has-shadow fusion-flex-justify-content-flex-start fusion-content-layout-column\"><div class=\"fusion-title title fusion-title-2 fusion-sep-none fusion-title-text fusion-title-size-three\" style=\"--awb-text-color:var(--awb-color5);\"><h3 class=\"fusion-title-heading title-heading-left\" style=\"margin:0;\">VISI\u00d3N 2023-2025<\/h3><\/div><div class=\"fusion-text fusion-text-2\"><p>Ser reconocidos por los Gobiernos Locales como un ente pol\u00edtico gremial de alto valor en su representaci\u00f3n, posicionamiento y defensa, adem\u00e1s de aliado estrat\u00e9gico en la mejora de la gesti\u00f3n interna para el fortalecimiento de su autonom\u00eda pol\u00edtica, administrativa, financiera e institucional, con el prop\u00f3sito de potenciar su impacto territorial en la promoci\u00f3n del desarrollo social, humano y sostenible.<\/p>\n<\/div><\/div><\/div><\/div><\/div><div class=\"fusion-fullwidth fullwidth-box fusion-builder-row-2 fusion-flex-container has-pattern-background has-mask-background nonhundred-percent-fullwidth non-hundred-percent-height-scrolling\" style=\"--awb-border-radius-top-left:0px;--awb-border-radius-top-right:0px;--awb-border-radius-bottom-right:0px;--awb-border-radius-bottom-left:0px;--awb-flex-wrap:wrap;\" ><div class=\"fusion-builder-row fusion-row fusion-flex-align-items-flex-start fusion-flex-content-wrap\" style=\"max-width:1248px;margin-left: calc(-4% \/ 2 );margin-right: calc(-4% \/ 2 );\"><div class=\"fusion-layout-column fusion_builder_column fusion-builder-column-2 fusion_builder_column_1_1 1_1 fusion-flex-column\" style=\"--awb-bg-size:cover;--awb-width-large:100%;--awb-margin-top-large:0px;--awb-spacing-right-large:1.92%;--awb-margin-bottom-large:20px;--awb-spacing-left-large:1.92%;--awb-width-medium:100%;--awb-order-medium:0;--awb-spacing-right-medium:1.92%;--awb-spacing-left-medium:1.92%;--awb-width-small:100%;--awb-order-small:0;--awb-spacing-right-small:1.92%;--awb-spacing-left-small:1.92%;\"><div class=\"fusion-column-wrapper fusion-column-has-shadow fusion-flex-justify-content-flex-start fusion-content-layout-column\"><div class=\"fusion-title title fusion-title-3 fusion-sep-none fusion-title-text fusion-title-size-three\" style=\"--awb-text-color:var(--awb-color5);\"><h3 class=\"fusion-title-heading title-heading-left\" style=\"margin:0;\">OBJETIVOS 2022-2026<\/h3><\/div><div class=\"fusion-text fusion-text-3\"><ul>\n<li>OE1. Aumentar el n\u00famero de municipalidades afiliadas y aportando recursos gracias a la credibilidad generada por la Uni\u00f3n.<\/li>\n<li>OE2. Aumentar el flujo de recursos de la cooperaci\u00f3n internacional para el fortalecimiento del R\u00e9gimen Municipal y la Uni\u00f3n.<\/li>\n<li>OE3. Generar una cultura de compromiso, sentido de pertenencia y alta motivaci\u00f3n en los colaboradores de la Uni\u00f3n.<\/li>\n<li>OE4. Alcanzar un alto nivel de coordinaci\u00f3n interna y comunicaci\u00f3n efectiva entre las unidades y colaboradores de la Uni\u00f3n.<\/li>\n<li>OE5. Mejorar las capacidades de la Uni\u00f3n en planificaci\u00f3n, evaluaci\u00f3n y seguimiento.<\/li>\n<li>OE6. Impulsar el uso de tecnolog\u00eda como mecanismo de promoci\u00f3n de la eficiencia y la eficacia.<\/li>\n<li>OE7. Incrementar la articulaci\u00f3n y coordinaci\u00f3n con el Poder Ejecutivo.<\/li>\n<li>OE8. Incidir en la construcci\u00f3n de visi\u00f3n pa\u00eds a partir del bienestar por medio de la descentralizaci\u00f3n y el fortalecimiento del R\u00e9gimen Municipal.<\/li>\n<li>OE9. Alcanzar la aprobaci\u00f3n de iniciativas de ley claves para el R\u00e9gimen Municipal, la descentralizaci\u00f3n y la Uni\u00f3n.<\/li>\n<li>OE10. Alcanzar un alto nivel de satisfacci\u00f3n en la prestaci\u00f3n de nuestros servicios.<\/li>\n<li>OE11. Ser el organismo referente del R\u00e9gimen Municipal, con un alto nivel de posicionamiento de la Uni\u00f3n entre nuestros clientes y aliados.<\/li>\n<li>OE12. Generar alto nivel de capacidad instalada en temas de inter\u00e9s en los t\u00e9cnicos claves de las municipalidades afiliadas.<\/li>\n<\/ul>\n<\/div><\/div><\/div><\/div><\/div><div class=\"fusion-fullwidth fullwidth-box fusion-builder-row-3 fusion-flex-container has-pattern-background has-mask-background nonhundred-percent-fullwidth non-hundred-percent-height-scrolling\" style=\"--awb-border-radius-top-left:0px;--awb-border-radius-top-right:0px;--awb-border-radius-bottom-right:0px;--awb-border-radius-bottom-left:0px;--awb-flex-wrap:wrap;\" ><div class=\"fusion-builder-row fusion-row fusion-flex-align-items-flex-start fusion-flex-content-wrap\" style=\"max-width:1248px;margin-left: calc(-4% \/ 2 );margin-right: calc(-4% \/ 2 );\"><div class=\"fusion-layout-column fusion_builder_column fusion-builder-column-3 fusion_builder_column_1_2 1_2 fusion-flex-column\" style=\"--awb-bg-image:url(&#039;\/wp-content\/uploads\/2025\/05\/sample-scaled.png&#039;);--awb-bg-size:cover;--awb-width-large:50%;--awb-margin-top-large:0px;--awb-spacing-right-large:3.84%;--awb-margin-bottom-large:20px;--awb-spacing-left-large:3.84%;--awb-width-medium:50%;--awb-order-medium:0;--awb-spacing-right-medium:3.84%;--awb-spacing-left-medium:3.84%;--awb-width-small:100%;--awb-order-small:0;--awb-spacing-right-small:1.92%;--awb-spacing-left-small:1.92%;\" data-scroll-devices=\"small-visibility,medium-visibility,large-visibility\"><div class=\"fusion-column-wrapper fusion-column-has-shadow fusion-flex-justify-content-flex-start fusion-content-layout-column fusion-empty-column-bg-image fusion-column-has-bg-image\" data-bg-url=\"\/wp-content\/uploads\/2025\/05\/sample-scaled.png\"><img decoding=\"async\" class=\"fusion-empty-dims-img-placeholder\" aria-label=\"sample\" src=\"data:image\/svg+xml,%3Csvg%20xmlns%3D%27http%3A%2F%2Fwww.w3.org%2F2000%2Fsvg%27%20width%3D%272560%27%20height%3D%271273%27%20viewBox%3D%270%200%202560%201273%27%3E%3Crect%20width%3D%272560%27%20height%3D%271273%27%20fill-opacity%3D%220%22%2F%3E%3C%2Fsvg%3E\"><\/div><\/div><div class=\"fusion-layout-column fusion_builder_column fusion-builder-column-4 fusion_builder_column_1_2 1_2 fusion-flex-column\" style=\"--awb-bg-size:cover;--awb-width-large:50%;--awb-margin-top-large:0px;--awb-spacing-right-large:3.84%;--awb-margin-bottom-large:20px;--awb-spacing-left-large:3.84%;--awb-width-medium:50%;--awb-order-medium:0;--awb-spacing-right-medium:3.84%;--awb-spacing-left-medium:3.84%;--awb-width-small:100%;--awb-order-small:0;--awb-spacing-right-small:1.92%;--awb-spacing-left-small:1.92%;\"><div class=\"fusion-column-wrapper fusion-column-has-shadow fusion-flex-justify-content-flex-start fusion-content-layout-column\"><div class=\"fusion-title title fusion-title-4 fusion-sep-none fusion-title-text fusion-title-size-three\" style=\"--awb-text-color:var(--awb-color5);\"><h3 class=\"fusion-title-heading title-heading-left\" style=\"margin:0;\">VALORES CORPORATIVOS<\/h3><\/div><div class=\"fusion-text fusion-text-4\"><ul>\n<li>Respeto<\/li>\n<li>Confianza<\/li>\n<li>Trabajo en equipo<\/li>\n<li>Proactividad<\/li>\n<li>Compromiso<\/li>\n<\/ul>\n<\/div><\/div><\/div><\/div><\/div><div class=\"fusion-fullwidth fullwidth-box fusion-builder-row-4 fusion-flex-container has-pattern-background has-mask-background nonhundred-percent-fullwidth non-hundred-percent-height-scrolling\" style=\"--awb-background-blend-mode:multiply;--awb-border-radius-top-left:0px;--awb-border-radius-top-right:0px;--awb-border-radius-bottom-right:0px;--awb-border-radius-bottom-left:0px;--awb-padding-top:40px;--awb-padding-bottom:40px;--awb-background-color:var(--awb-color6);--awb-flex-wrap:wrap;\" ><div class=\"awb-background-slider\" data-type=\"container\" data-loop=\"yes\" data-animation=\"slide\" data-slideshow-speed=\"3000\" data-animation-speed=\"800\" data-direction=\"left\" style=\"--awb-image-position:50% 50%;mix-blend-mode:multiply;\"><div class=\"swiper-wrapper\"><div class=\"swiper-slide\"><img decoding=\"async\" width=\"1480\" height=\"986\" src=\"\/wp-content\/uploads\/2025\/08\/bg1.jpg\" class=\"awb-background-slider__image\" alt=\"\" srcset=\"\/wp-content\/uploads\/2025\/08\/bg1-200x133.jpg 200w, \/wp-content\/uploads\/2025\/08\/bg1-300x200.jpg 300w, \/wp-content\/uploads\/2025\/08\/bg1-400x266.jpg 400w, \/wp-content\/uploads\/2025\/08\/bg1-600x400.jpg 600w, \/wp-content\/uploads\/2025\/08\/bg1-768x512.jpg 768w, \/wp-content\/uploads\/2025\/08\/bg1-800x533.jpg 800w, \/wp-content\/uploads\/2025\/08\/bg1-1024x682.jpg 1024w, \/wp-content\/uploads\/2025\/08\/bg1-1200x799.jpg 1200w, \/wp-content\/uploads\/2025\/08\/bg1.jpg 1480w\" sizes=\"(max-width: 1480px) 100vw, 1480px\" \/><\/div><div class=\"swiper-slide\"><img decoding=\"async\" width=\"1200\" height=\"824\" src=\"\/wp-content\/uploads\/2025\/08\/bgungl.jpg\" class=\"awb-background-slider__image\" alt=\"\" srcset=\"\/wp-content\/uploads\/2025\/08\/bgungl-200x137.jpg 200w, \/wp-content\/uploads\/2025\/08\/bgungl-300x206.jpg 300w, \/wp-content\/uploads\/2025\/08\/bgungl-400x275.jpg 400w, \/wp-content\/uploads\/2025\/08\/bgungl-600x412.jpg 600w, \/wp-content\/uploads\/2025\/08\/bgungl-768x527.jpg 768w, \/wp-content\/uploads\/2025\/08\/bgungl-800x549.jpg 800w, \/wp-content\/uploads\/2025\/08\/bgungl-1024x703.jpg 1024w, \/wp-content\/uploads\/2025\/08\/bgungl.jpg 1200w\" sizes=\"(max-width: 1200px) 100vw, 1200px\" \/><\/div><\/div><\/div><div class=\"fusion-builder-row fusion-row fusion-flex-align-items-center fusion-flex-justify-content-center fusion-flex-content-wrap\" style=\"max-width:1248px;margin-left: calc(-4% \/ 2 );margin-right: calc(-4% \/ 2 );\"><div class=\"fusion-layout-column fusion_builder_column fusion-builder-column-5 fusion_builder_column_1_3 1_3 fusion-flex-column\" style=\"--awb-bg-size:cover;--awb-width-large:33.333333333333%;--awb-margin-top-large:0px;--awb-spacing-right-large:5.76%;--awb-margin-bottom-large:20px;--awb-spacing-left-large:5.76%;--awb-width-medium:33.333333333333%;--awb-order-medium:0;--awb-spacing-right-medium:5.76%;--awb-spacing-left-medium:5.76%;--awb-width-small:100%;--awb-order-small:0;--awb-spacing-right-small:1.92%;--awb-spacing-left-small:1.92%;\" data-scroll-devices=\"small-visibility,medium-visibility,large-visibility\"><div class=\"fusion-column-wrapper fusion-column-has-shadow fusion-flex-justify-content-flex-start fusion-content-layout-column\"><div class=\"fusion-title title fusion-title-5 fusion-sep-none fusion-title-text fusion-title-size-three\" style=\"--awb-text-color:var(--awb-color8);\"><h3 class=\"fusion-title-heading title-heading-left\" style=\"margin:0;\">Cont\u00e1ctenos<\/h3><\/div><\/div><\/div><div class=\"fusion-layout-column fusion_builder_column fusion-builder-column-6 fusion_builder_column_1_3 1_3 fusion-flex-column\" style=\"--awb-bg-size:cover;--awb-width-large:33.333333333333%;--awb-margin-top-large:0px;--awb-spacing-right-large:5.76%;--awb-margin-bottom-large:20px;--awb-spacing-left-large:5.76%;--awb-width-medium:33.333333333333%;--awb-order-medium:0;--awb-spacing-right-medium:5.76%;--awb-spacing-left-medium:5.76%;--awb-width-small:100%;--awb-order-small:0;--awb-spacing-right-small:1.92%;--awb-spacing-left-small:1.92%;\" data-scroll-devices=\"small-visibility,medium-visibility,large-visibility\"><div class=\"fusion-column-wrapper fusion-column-has-shadow fusion-flex-justify-content-flex-start fusion-content-layout-column\"><div class=\"fusion-text fusion-text-5\" style=\"--awb-text-color:var(--awb-color8);\"><p>CENTRAL TELEF\u00d3NICA:<br \/>\n2290-3806<br \/>\nCORREO INSTITUCIONAL:<br \/>\ninfo@ungl.or.cr<\/p>\n<\/div><\/div><\/div><div class=\"fusion-layout-column fusion_builder_column fusion-builder-column-7 fusion_builder_column_1_3 1_3 fusion-flex-column fusion-flex-align-self-center\" style=\"--awb-bg-size:cover;--awb-width-large:33.333333333333%;--awb-margin-top-large:0px;--awb-spacing-right-large:5.76%;--awb-margin-bottom-large:20px;--awb-spacing-left-large:5.76%;--awb-width-medium:33.333333333333%;--awb-order-medium:0;--awb-spacing-right-medium:5.76%;--awb-spacing-left-medium:5.76%;--awb-width-small:100%;--awb-order-small:0;--awb-spacing-right-small:1.92%;--awb-spacing-left-small:1.92%;\" data-scroll-devices=\"small-visibility,medium-visibility,large-visibility\"><div class=\"fusion-column-wrapper fusion-column-has-shadow fusion-flex-justify-content-center fusion-content-layout-column\"><div ><a class=\"fusion-button button-flat button-large button-default fusion-button-default button-1 fusion-button-default-span fusion-button-default-type fusion-animated\" data-animationType=\"zoomIn\" data-animationDuration=\"0.3\" data-animationOffset=\"top-into-view\" target=\"_self\" href=\"https:\/\/www.ungl.or.cr\/?page_id=34\"><span class=\"fusion-button-text awb-button__text awb-button__text--default\">Cont\u00e1ctenos<\/span><\/a><\/div><\/div><\/div><\/div><\/div>\n<\/p>\n","protected":false},"excerpt":{"rendered":"","protected":false},"author":1,"featured_media":0,"parent":0,"menu_order":0,"comment_status":"closed","ping_status":"closed","template":"100-width.php","meta":{"footnotes":""},"class_list":["post-24","page","type-page","status-publish","hentry"],"_links":{"self":[{"href":"https:\/\/www.ungl.or.cr\/index.php?rest_route=\/wp\/v2\/pages\/24","targetHints":{"allow":["GET"]}}],"collection":[{"href":"https:\/\/www.ungl.or.cr\/index.php?rest_route=\/wp\/v2\/pages"}],"about":[{"href":"https:\/\/www.ungl.or.cr\/index.php?rest_route=\/wp\/v2\/types\/page"}],"author":[{"embeddable":true,"href":"https:\/\/www.ungl.or.cr\/index.php?rest_route=\/wp\/v2\/users\/1"}],"replies":[{"embeddable":true,"href":"https:\/\/www.ungl.or.cr\/index.php?rest_route=%2Fwp%2Fv2%2Fcomments&post=24"}],"version-history":[{"count":0,"href":"https:\/\/www.ungl.or.cr\/index.php?rest_route=\/wp\/v2\/pages\/24\/revisions"}],"wp:attachment":[{"href":"https:\/\/www.ungl.or.cr\/index.php?rest_route=%2Fwp%2Fv2%2Fmedia&parent=24"}],"curies":[{"name":"wp","href":"https:\/\/api.w.org\/{rel}","templated":true}]}}