{"id":22,"date":"2025-05-17T14:41:15","date_gmt":"2025-05-17T14:41:15","guid":{"rendered":"https:\/\/www.ungl.or.cr\/?page_id=22"},"modified":"2025-10-07T16:45:26","modified_gmt":"2025-10-07T16:45:26","slug":"quienes-somos","status":"publish","type":"page","link":"https:\/\/www.ungl.or.cr\/?page_id=22","title":{"rendered":"Qui\u00e9nes Somos"},"content":{"rendered":"<p><div class=\"fusion-fullwidth fullwidth-box fusion-builder-row-1 fusion-flex-container nonhundred-percent-fullwidth non-hundred-percent-height-scrolling\" style=\"--awb-border-radius-top-left:0px;--awb-border-radius-top-right:0px;--awb-border-radius-bottom-right:0px;--awb-border-radius-bottom-left:0px;--awb-flex-wrap:wrap;\" ><div class=\"fusion-builder-row fusion-row fusion-flex-align-items-flex-start fusion-flex-content-wrap\" style=\"max-width:1248px;margin-left: calc(-4% \/ 2 );margin-right: calc(-4% \/ 2 );\"><div class=\"fusion-layout-column fusion_builder_column fusion-builder-column-0 fusion_builder_column_1_2 1_2 fusion-flex-column\" style=\"--awb-bg-size:cover;--awb-width-large:50%;--awb-margin-top-large:0px;--awb-spacing-right-large:3.84%;--awb-margin-bottom-large:0px;--awb-spacing-left-large:3.84%;--awb-width-medium:50%;--awb-spacing-right-medium:3.84%;--awb-spacing-left-medium:3.84%;--awb-width-small:100%;--awb-spacing-right-small:1.92%;--awb-spacing-left-small:1.92%;\"><div class=\"fusion-column-wrapper fusion-flex-justify-content-flex-start fusion-content-layout-column\"><div class=\"fusion-text fusion-text-1 fusion-animated\" data-animationType=\"rubberBand\" data-animationDuration=\"0.3\" data-animationOffset=\"top-into-view\"><p>La Uni\u00f3n Nacional de Gobiernos Locales (UNGL), \u00a0con 46 a\u00f1os de existencia, fundada en el a\u00f1o de 1977 ante la necesidad de las municipalidades de contar con una organizaci\u00f3n que las uniera para impulsar la descentralizaci\u00f3n pol\u00edtica y administrativa del Estado costarricense, fortaleciendo a los gobiernos locales mediante pol\u00edticas y normas que ampl\u00edan su autonom\u00eda, competencias y recursos.<\/p>\n<\/div><\/div><\/div><div class=\"fusion-layout-column fusion_builder_column fusion-builder-column-1 fusion_builder_column_1_2 1_2 fusion-flex-column\" style=\"--awb-bg-size:cover;--awb-width-large:50%;--awb-margin-top-large:0px;--awb-spacing-right-large:3.84%;--awb-margin-bottom-large:0px;--awb-spacing-left-large:3.84%;--awb-width-medium:50%;--awb-spacing-right-medium:3.84%;--awb-spacing-left-medium:3.84%;--awb-width-small:100%;--awb-spacing-right-small:1.92%;--awb-spacing-left-small:1.92%;\"><div class=\"fusion-column-wrapper fusion-flex-justify-content-flex-start fusion-content-layout-column\"><div class=\"fusion-text fusion-text-2 fusion-animated\" data-animationType=\"rubberBand\" data-animationDuration=\"0.3\" data-animationOffset=\"top-into-view\"><p>En una entidad de derecho p\u00fablico, representativa de car\u00e1cter nacional, con personer\u00eda jur\u00eddica otorgada por ley y conformada por Municipalidades y Federaciones Municipales del pa\u00eds.<\/p>\n<p>Asimismo, promueve y desarrolla\u00a0acciones de apoyo tendientes a lograr una mejor gesti\u00f3n municipal de creciente equidad, eficiencia y transparencia por medio de sus diferentes proyectos y actividades.<\/p>\n<p><strong>Beneficios que ofrece la UNGL a sus afiliadas: <\/strong>representaci\u00f3n en diferentes entidades.<\/p>\n<\/div><\/div><\/div><\/div><\/div><div class=\"fusion-fullwidth fullwidth-box fusion-builder-row-2 fusion-flex-container nonhundred-percent-fullwidth non-hundred-percent-height-scrolling\" style=\"--awb-border-radius-top-left:0px;--awb-border-radius-top-right:0px;--awb-border-radius-bottom-right:0px;--awb-border-radius-bottom-left:0px;--awb-flex-wrap:wrap;\" ><div class=\"fusion-builder-row fusion-row fusion-flex-align-items-flex-start fusion-flex-content-wrap\" style=\"max-width:1248px;margin-left: calc(-4% \/ 2 );margin-right: calc(-4% \/ 2 );\"><div class=\"fusion-layout-column fusion_builder_column fusion-builder-column-2 fusion_builder_column_1_3 1_3 fusion-flex-column fusion-flex-align-self-center\" style=\"--awb-bg-size:cover;--awb-width-large:33.333333333333%;--awb-margin-top-large:0px;--awb-spacing-right-large:3.84%;--awb-margin-bottom-large:0px;--awb-spacing-left-large:5.76%;--awb-width-medium:33.333333333333%;--awb-order-medium:0;--awb-spacing-right-medium:3.84%;--awb-spacing-left-medium:5.76%;--awb-width-small:100%;--awb-order-small:0;--awb-spacing-right-small:1.92%;--awb-spacing-left-small:1.92%;\" data-scroll-devices=\"small-visibility,medium-visibility,large-visibility\"><div class=\"fusion-column-wrapper fusion-column-has-shadow fusion-flex-justify-content-center fusion-content-layout-column\"><div class=\"fusion-title title fusion-title-1 fusion-sep-none fusion-title-text fusion-title-size-four fusion-animated\" style=\"--awb-text-color:var(--awb-color6);\" data-animationType=\"fadeInLeft\" data-animationDuration=\"0.3\" data-animationOffset=\"top-into-view\"><h4 class=\"fusion-title-heading title-heading-left\" style=\"margin:0;\">Representaci\u00f3n de la UNGL en diferentes juntas directivas o comisiones a favor de las Municipalidades<\/h4><\/div><\/div><\/div><div class=\"fusion-layout-column fusion_builder_column fusion-builder-column-3 fusion_builder_column_2_3 2_3 fusion-flex-column\" style=\"--awb-bg-size:cover;--awb-width-large:66.666666666667%;--awb-margin-top-large:0px;--awb-spacing-right-large:2.88%;--awb-margin-bottom-large:0px;--awb-spacing-left-large:3.84%;--awb-width-medium:66.666666666667%;--awb-spacing-right-medium:2.88%;--awb-spacing-left-medium:3.84%;--awb-width-small:100%;--awb-spacing-right-small:1.92%;--awb-spacing-left-small:1.92%;\"><div class=\"fusion-column-wrapper fusion-flex-justify-content-flex-start fusion-content-layout-column\"><div class=\"fusion-text fusion-text-3 fusion-animated\" data-animationType=\"fadeInRight\" data-animationDuration=\"0.3\" data-animationOffset=\"top-into-view\"><ul>\n<li>Consejo de Transporte P\u00fablico (CTP)<\/li>\n<li>Consejo Nacional de Vialidad ( CONAVI)<\/li>\n<li>Consejo de Seguridad Vial (COSEVI)<\/li>\n<li>Programa Integral del Mercado Agropecuario (PIMA CENADA)<\/li>\n<li>Direcci\u00f3n Nacional de Desarrollo de la Comunidad (DINADECO)<\/li>\n<li>Comisi\u00f3n Mixta Partidas Espec\u00edficas<\/li>\n<li>Fondo Desarrollo Municipal<\/li>\n<li>CONFEDELCA<\/li>\n<li>Estrategia Centroamericana para el Desarrollo Rural y Territorial ( ECADERT)<\/li>\n<li>Consejo Nacional de Capacitaci\u00f3n (CONACAM)<\/li>\n<li>Comisi\u00f3n para la Promoci\u00f3n de la Salud<\/li>\n<li>Plataforma Consultiva de Residuos S\u00f3lidos<\/li>\n<li>Comisi\u00f3n de Sitios Contaminados<\/li>\n<li>Consejo Consultivo Proceso de Transferencia de Competencias<\/li>\n<\/ul>\n<\/div><\/div><\/div><\/div><\/div><div class=\"fusion-fullwidth fullwidth-box fusion-builder-row-3 fusion-flex-container has-pattern-background has-mask-background nonhundred-percent-fullwidth non-hundred-percent-height-scrolling\" style=\"--awb-background-blend-mode:multiply;--awb-border-radius-top-left:0px;--awb-border-radius-top-right:0px;--awb-border-radius-bottom-right:0px;--awb-border-radius-bottom-left:0px;--awb-padding-top:40px;--awb-padding-bottom:40px;--awb-background-color:var(--awb-color6);--awb-flex-wrap:wrap;\" ><div class=\"awb-background-slider\" data-type=\"container\" data-loop=\"yes\" data-animation=\"slide\" data-slideshow-speed=\"3000\" data-animation-speed=\"800\" data-direction=\"left\" style=\"--awb-image-position:50% 50%;mix-blend-mode:multiply;\"><div class=\"swiper-wrapper\"><div class=\"swiper-slide\"><img decoding=\"async\" width=\"1480\" height=\"986\" src=\"\/wp-content\/uploads\/2025\/08\/bg1.jpg\" class=\"awb-background-slider__image\" alt=\"\" srcset=\"\/wp-content\/uploads\/2025\/08\/bg1-200x133.jpg 200w, \/wp-content\/uploads\/2025\/08\/bg1-300x200.jpg 300w, \/wp-content\/uploads\/2025\/08\/bg1-400x266.jpg 400w, \/wp-content\/uploads\/2025\/08\/bg1-600x400.jpg 600w, \/wp-content\/uploads\/2025\/08\/bg1-768x512.jpg 768w, \/wp-content\/uploads\/2025\/08\/bg1-800x533.jpg 800w, \/wp-content\/uploads\/2025\/08\/bg1-1024x682.jpg 1024w, \/wp-content\/uploads\/2025\/08\/bg1-1200x799.jpg 1200w, \/wp-content\/uploads\/2025\/08\/bg1.jpg 1480w\" sizes=\"(max-width: 1480px) 100vw, 1480px\" \/><\/div><div class=\"swiper-slide\"><img decoding=\"async\" width=\"1200\" height=\"824\" src=\"\/wp-content\/uploads\/2025\/08\/bgungl.jpg\" class=\"awb-background-slider__image\" alt=\"\" srcset=\"\/wp-content\/uploads\/2025\/08\/bgungl-200x137.jpg 200w, \/wp-content\/uploads\/2025\/08\/bgungl-300x206.jpg 300w, \/wp-content\/uploads\/2025\/08\/bgungl-400x275.jpg 400w, \/wp-content\/uploads\/2025\/08\/bgungl-600x412.jpg 600w, \/wp-content\/uploads\/2025\/08\/bgungl-768x527.jpg 768w, \/wp-content\/uploads\/2025\/08\/bgungl-800x549.jpg 800w, \/wp-content\/uploads\/2025\/08\/bgungl-1024x703.jpg 1024w, \/wp-content\/uploads\/2025\/08\/bgungl.jpg 1200w\" sizes=\"(max-width: 1200px) 100vw, 1200px\" \/><\/div><\/div><\/div><div class=\"fusion-builder-row fusion-row fusion-flex-align-items-center fusion-flex-justify-content-center fusion-flex-content-wrap\" style=\"max-width:1248px;margin-left: calc(-4% \/ 2 );margin-right: calc(-4% \/ 2 );\"><div class=\"fusion-layout-column fusion_builder_column fusion-builder-column-4 fusion_builder_column_1_3 1_3 fusion-flex-column\" style=\"--awb-bg-size:cover;--awb-width-large:33.333333333333%;--awb-margin-top-large:0px;--awb-spacing-right-large:5.76%;--awb-margin-bottom-large:20px;--awb-spacing-left-large:5.76%;--awb-width-medium:33.333333333333%;--awb-order-medium:0;--awb-spacing-right-medium:5.76%;--awb-spacing-left-medium:5.76%;--awb-width-small:100%;--awb-order-small:0;--awb-spacing-right-small:1.92%;--awb-spacing-left-small:1.92%;\" data-scroll-devices=\"small-visibility,medium-visibility,large-visibility\"><div class=\"fusion-column-wrapper fusion-column-has-shadow fusion-flex-justify-content-flex-start fusion-content-layout-column\"><div class=\"fusion-title title fusion-title-2 fusion-sep-none fusion-title-text fusion-title-size-three\" style=\"--awb-text-color:var(--awb-color8);\"><h3 class=\"fusion-title-heading title-heading-left\" style=\"margin:0;\">Cont\u00e1ctenos<\/h3><\/div><\/div><\/div><div class=\"fusion-layout-column fusion_builder_column fusion-builder-column-5 fusion_builder_column_1_3 1_3 fusion-flex-column\" style=\"--awb-bg-size:cover;--awb-width-large:33.333333333333%;--awb-margin-top-large:0px;--awb-spacing-right-large:5.76%;--awb-margin-bottom-large:20px;--awb-spacing-left-large:5.76%;--awb-width-medium:33.333333333333%;--awb-order-medium:0;--awb-spacing-right-medium:5.76%;--awb-spacing-left-medium:5.76%;--awb-width-small:100%;--awb-order-small:0;--awb-spacing-right-small:1.92%;--awb-spacing-left-small:1.92%;\" data-scroll-devices=\"small-visibility,medium-visibility,large-visibility\"><div class=\"fusion-column-wrapper fusion-column-has-shadow fusion-flex-justify-content-flex-start fusion-content-layout-column\"><div class=\"fusion-text fusion-text-4\" style=\"--awb-text-color:var(--awb-color8);\"><p>CENTRAL TELEF\u00d3NICA:<br \/>\n2290-3806<br \/>\nCORREO INSTITUCIONAL:<br \/>\ninfo@ungl.or.cr<\/p>\n<\/div><\/div><\/div><div class=\"fusion-layout-column fusion_builder_column fusion-builder-column-6 fusion_builder_column_1_3 1_3 fusion-flex-column fusion-flex-align-self-center\" style=\"--awb-bg-size:cover;--awb-width-large:33.333333333333%;--awb-margin-top-large:0px;--awb-spacing-right-large:5.76%;--awb-margin-bottom-large:20px;--awb-spacing-left-large:5.76%;--awb-width-medium:33.333333333333%;--awb-order-medium:0;--awb-spacing-right-medium:5.76%;--awb-spacing-left-medium:5.76%;--awb-width-small:100%;--awb-order-small:0;--awb-spacing-right-small:1.92%;--awb-spacing-left-small:1.92%;\" data-scroll-devices=\"small-visibility,medium-visibility,large-visibility\"><div class=\"fusion-column-wrapper fusion-column-has-shadow fusion-flex-justify-content-center fusion-content-layout-column\"><div ><a class=\"fusion-button button-flat button-large button-default fusion-button-default button-1 fusion-button-default-span fusion-button-default-type fusion-animated\" data-animationType=\"zoomIn\" data-animationDuration=\"0.3\" data-animationOffset=\"top-into-view\" target=\"_self\" href=\"https:\/\/www.ungl.or.cr\/?page_id=34\"><span class=\"fusion-button-text awb-button__text awb-button__text--default\">Cont\u00e1ctenos<\/span><\/a><\/div><\/div><\/div><\/div><\/div>\n<\/p>\n","protected":false},"excerpt":{"rendered":"","protected":false},"author":1,"featured_media":0,"parent":0,"menu_order":0,"comment_status":"closed","ping_status":"closed","template":"100-width.php","meta":{"footnotes":""},"class_list":["post-22","page","type-page","status-publish","hentry"],"_links":{"self":[{"href":"https:\/\/www.ungl.or.cr\/index.php?rest_route=\/wp\/v2\/pages\/22","targetHints":{"allow":["GET"]}}],"collection":[{"href":"https:\/\/www.ungl.or.cr\/index.php?rest_route=\/wp\/v2\/pages"}],"about":[{"href":"https:\/\/www.ungl.or.cr\/index.php?rest_route=\/wp\/v2\/types\/page"}],"author":[{"embeddable":true,"href":"https:\/\/www.ungl.or.cr\/index.php?rest_route=\/wp\/v2\/users\/1"}],"replies":[{"embeddable":true,"href":"https:\/\/www.ungl.or.cr\/index.php?rest_route=%2Fwp%2Fv2%2Fcomments&post=22"}],"version-history":[{"count":0,"href":"https:\/\/www.ungl.or.cr\/index.php?rest_route=\/wp\/v2\/pages\/22\/revisions"}],"wp:attachment":[{"href":"https:\/\/www.ungl.or.cr\/index.php?rest_route=%2Fwp%2Fv2%2Fmedia&parent=22"}],"curies":[{"name":"wp","href":"https:\/\/api.w.org\/{rel}","templated":true}]}}